{"id":29050,"date":"2020-07-02T17:51:26","date_gmt":"2020-07-02T20:51:26","guid":{"rendered":"http:\/\/pedrosodeoliveira.adv.br\/homolog\/?page_id=29050"},"modified":"2024-09-27T16:57:44","modified_gmt":"2024-09-27T19:57:44","slug":"advogado","status":"publish","type":"page","link":"https:\/\/pedrosodeoliveira.adv.br\/?page_id=29050","title":{"rendered":"Advogado"},"content":{"rendered":"<p>[et_pb_section fb_built=&#8221;1&#8243; custom_padding_last_edited=&#8221;on|desktop&#8221; admin_label=&#8221;Hero Section&#8221; module_id=&#8221;dotover&#8221; _builder_version=&#8221;4.4.8&#8243; background_image=&#8221;https:\/\/pedrosodeoliveira.adv.br\/wp-content\/uploads\/2020\/07\/header-internas-scaled.jpg&#8221; custom_padding_tablet=&#8221;50px|0|50px|0&#8243; custom_padding_phone=&#8221;&#8221; custom_css_after=&#8221;content: %22%22;||background: url(&#8216;https:\/\/www.infiniteimagination.com.au\/rhm\/wp-content\/uploads\/2016\/08\/mask.png&#8217;) repeat;||top: 0;||left: 0;||bottom: 0;||right: 0;||position: absolute;||z-index: 1;||&#8221; transparent_background=&#8221;off&#8221; padding_mobile=&#8221;off&#8221; make_fullwidth=&#8221;off&#8221; use_custom_width=&#8221;off&#8221; width_unit=&#8221;on&#8221; collapsed=&#8221;off&#8221;][et_pb_row padding_mobile=&#8221;off&#8221; column_padding_mobile=&#8221;on&#8221; admin_label=&#8221;Row&#8221; _builder_version=&#8221;3.25&#8243; background_size=&#8221;initial&#8221; background_position=&#8221;top_left&#8221; background_repeat=&#8221;repeat&#8221; custom_padding=&#8221;2%||2%|&#8221; make_fullwidth=&#8221;off&#8221; use_custom_width=&#8221;off&#8221; width_unit=&#8221;on&#8221; custom_width_px=&#8221;1080px&#8221; custom_width_percent=&#8221;80%&#8221;][et_pb_column type=&#8221;4_4&#8243; _builder_version=&#8221;3.25&#8243; custom_padding=&#8221;|||&#8221; custom_padding__hover=&#8221;|||&#8221;][et_pb_cta admin_label=&#8221;PRACTICE AREAS&#8221; module_id=&#8221;toptext&#8221; _builder_version=&#8221;4.4.8&#8243; header_level=&#8221;h1&#8243; header_text_color=&#8221;#ffffff&#8221; header_font_size=&#8221;52&#8243; header_line_height=&#8221;1.4em&#8221; body_text_color=&#8221;#ffffff&#8221; body_font_size=&#8221;50&#8243; body_line_height=&#8221;1.5em&#8221; use_background_color=&#8221;off&#8221; background_size=&#8221;initial&#8221; background_position=&#8221;top_left&#8221; background_repeat=&#8221;repeat&#8221; header_font_size_tablet=&#8221;50&#8243; header_font_size_phone=&#8221;30&#8243; header_font_size_last_edited=&#8221;on|desktop&#8221; body_font_size_tablet=&#8221;&#8221; body_font_size_phone=&#8221;30&#8243; body_font_size_last_edited=&#8221;on|phone&#8221; custom_css_main_element=&#8221;position: relative; z-index: 10;&#8221; custom_css_promo_title=&#8221;font-weight: 800;||&#8221; use_border_color=&#8221;off&#8221; border_color=&#8221;#ffffff&#8221; border_width=&#8221;1px&#8221; border_style=&#8221;solid&#8221; button_letter_spacing_hover=&#8221;0&#8243; inline_fonts=&#8221;Open Sans&#8221; button_text_size__hover_enabled=&#8221;off&#8221; button_one_text_size__hover_enabled=&#8221;off&#8221; button_two_text_size__hover_enabled=&#8221;off&#8221; button_text_color__hover_enabled=&#8221;off&#8221; button_one_text_color__hover_enabled=&#8221;off&#8221; button_two_text_color__hover_enabled=&#8221;off&#8221; button_border_width__hover_enabled=&#8221;off&#8221; button_one_border_width__hover_enabled=&#8221;off&#8221; button_two_border_width__hover_enabled=&#8221;off&#8221; button_border_color__hover_enabled=&#8221;off&#8221; button_one_border_color__hover_enabled=&#8221;off&#8221; button_two_border_color__hover_enabled=&#8221;off&#8221; button_border_radius__hover_enabled=&#8221;off&#8221; button_one_border_radius__hover_enabled=&#8221;off&#8221; button_two_border_radius__hover_enabled=&#8221;off&#8221; button_letter_spacing__hover_enabled=&#8221;on&#8221; button_letter_spacing__hover=&#8221;0&#8243; button_one_letter_spacing__hover_enabled=&#8221;off&#8221; button_two_letter_spacing__hover_enabled=&#8221;off&#8221; button_bg_color__hover_enabled=&#8221;off&#8221; button_one_bg_color__hover_enabled=&#8221;off&#8221; button_two_bg_color__hover_enabled=&#8221;off&#8221;]<\/p>\n<p><span style=\"font-family: 'Open Sans';\">Advogado<\/span><\/p>\n<p>[\/et_pb_cta][\/et_pb_column][\/et_pb_row][\/et_pb_section][et_pb_section fb_built=&#8221;1&#8243; custom_padding_last_edited=&#8221;on|desktop&#8221; disabled_on=&#8221;||off&#8221; admin_label=&#8221;Section&#8221; module_id=&#8221;next1&#8243; _builder_version=&#8221;4.4.8&#8243; background_color=&#8221;#ffffff&#8221; custom_padding_tablet=&#8221;50px|0|50px|0&#8243; custom_padding_phone=&#8221;&#8221; transparent_background=&#8221;off&#8221; padding_mobile=&#8221;off&#8221; make_fullwidth=&#8221;off&#8221; use_custom_width=&#8221;off&#8221; width_unit=&#8221;on&#8221; collapsed=&#8221;off&#8221;][et_pb_row use_custom_gutter=&#8221;on&#8221; gutter_width=&#8221;2&#8243; padding_mobile=&#8221;off&#8221; column_padding_mobile=&#8221;on&#8221; admin_label=&#8221;Row&#8221; _builder_version=&#8221;3.25&#8243; background_size=&#8221;initial&#8221; background_position=&#8221;top_left&#8221; background_repeat=&#8221;repeat&#8221; make_fullwidth=&#8221;off&#8221; use_custom_width=&#8221;off&#8221; width_unit=&#8221;on&#8221;][et_pb_column type=&#8221;4_4&#8243; _builder_version=&#8221;3.25&#8243; custom_padding=&#8221;|||&#8221; custom_padding__hover=&#8221;|||&#8221;][et_pb_text admin_label=&#8221;Pedroso&#8230;&#8221; _builder_version=&#8221;4.4.8&#8243; text_font=&#8221;Bitter||||&#8221; text_text_color=&#8221;#222222&#8243; text_font_size=&#8221;16&#8243; text_line_height=&#8221;1.5em&#8221; background_size=&#8221;initial&#8221; background_position=&#8221;top_left&#8221; background_repeat=&#8221;repeat&#8221; use_border_color=&#8221;off&#8221; border_color=&#8221;#ffffff&#8221; border_style=&#8221;solid&#8221; inline_fonts=&#8221;Open Sans&#8221;]<\/p>\n<p>Sidney Jos\u00e9 PEDROSO de Oliveira \u00e9 advogado inscrito na OAB\/PR 57.638, bacharel em Direito pela FAE Centro Universit\u00e1rio, tradicional institui\u00e7\u00e3o de ensino superior de\u00a0quase um s\u00e9culo de exist\u00eancia.<\/p>\n<p><span style=\"font-family: 'Open Sans'; font-size: 16px;\">A experi\u00eancia profissional de longos anos na iniciativa privada o credencia no trato de temas nas \u00e1reas em que atua. Sua trajet\u00f3ria teve in\u00edcio quando se graduou em Ci\u00eancias Cont\u00e1beis, tamb\u00e9m pela FAE, na d\u00e9cada de 80, perpassa pelo exerc\u00edcio de cargos de Gerente Fiscal, Contador, Controller e Diretor de Shared Services em grupo empresarial multinacional.<\/span><\/p>\n<p><span style=\"font-family: 'Open Sans';\">Foi\u00a0 s\u00f3cio do IEEG \u2013 Instituto de Estudos Estrat\u00e9gicos de Gest\u00e3o\u00a0 (<a href=\"http:\/\/www.ieeg.com.br\/\">www.ieeg.com.br<\/a>) e \u00e9 s\u00f3cio da PEDROSO de OLIVEIRA \u2013 Contadores Associados (<a href=\"https:\/\/pedrosodeoliveira.adv.br\/\">www.pedrosodeoliveira.com.br<\/a>).<\/span><\/p>\n<p><span style=\"font-family: 'Open Sans';\">Em n\u00edvel de especializa\u00e7\u00e3o cursou Finan\u00e7as, Administra\u00e7\u00e3o da Produ\u00e7\u00e3o e Gest\u00e3o de Processos e Projetos. Tamb\u00e9m tem mestrado em Dire\u00e7\u00e3o e Administra\u00e7\u00e3o de Empresa, pela ESADE (Espanha) e FAE-CDE.<\/span><\/p>\n<p><span style=\"font-family: 'Open Sans';\">A gradua\u00e7\u00e3o em Direito veio consolidar um ideal de somar a experi\u00eancia anteriormente adquirida ao interesse da defesa dos direitos e representa\u00e7\u00e3o de seus clientes, norteado pelos Princ\u00edpios e Valores.<\/span><\/p>\n<p><span style=\"font-family: 'Open Sans';\">Foi professor universit\u00e1rio de 1995 a 2012, em institui\u00e7\u00f5es como PUC\/PR, Facinter e Universidade Positivo. Mais informa\u00e7\u00f5es nesse t\u00f3pico podem ser obtidas no <a href=\"http:\/\/buscatextual.cnpq.br\/buscatextual\/visualizacv.do?id=K4742734J3\">Curr\u00edculo Lates<\/a>.<\/span><\/p>\n<p>[\/et_pb_text][\/et_pb_column][\/et_pb_row][\/et_pb_section]<\/p>\n","protected":false},"excerpt":{"rendered":"<p>[et_pb_section fb_built=&#8221;1&#8243; custom_padding_last_edited=&#8221;on|desktop&#8221; admin_label=&#8221;Hero Section&#8221; module_id=&#8221;dotover&#8221; _builder_version=&#8221;4.4.8&#8243; background_image=&#8221;https:\/\/pedrosodeoliveira.adv.br\/wp-content\/uploads\/2020\/07\/header-internas-scaled.jpg&#8221; custom_padding_tablet=&#8221;50px|0|50px|0&#8243; custom_padding_phone=&#8221;&#8221; custom_css_after=&#8221;content: %22%22;||background: url(&#8216;https:\/\/www.infiniteimagination.com.au\/rhm\/wp-content\/uploads\/2016\/08\/mask.png&#8217;) repeat;||top: 0;||left: 0;||bottom: 0;||right: 0;||position: absolute;||z-index: 1;||&#8221; transparent_background=&#8221;off&#8221; padding_mobile=&#8221;off&#8221; make_fullwidth=&#8221;off&#8221; use_custom_width=&#8221;off&#8221; width_unit=&#8221;on&#8221; collapsed=&#8221;off&#8221;][et_pb_row padding_mobile=&#8221;off&#8221; column_padding_mobile=&#8221;on&#8221; admin_label=&#8221;Row&#8221; _builder_version=&#8221;3.25&#8243; background_size=&#8221;initial&#8221; background_position=&#8221;top_left&#8221; background_repeat=&#8221;repeat&#8221; custom_padding=&#8221;2%||2%|&#8221; make_fullwidth=&#8221;off&#8221; use_custom_width=&#8221;off&#8221; width_unit=&#8221;on&#8221; custom_width_px=&#8221;1080px&#8221; custom_width_percent=&#8221;80%&#8221;][et_pb_column type=&#8221;4_4&#8243; _builder_version=&#8221;3.25&#8243; custom_padding=&#8221;|||&#8221; custom_padding__hover=&#8221;|||&#8221;][et_pb_cta admin_label=&#8221;PRACTICE AREAS&#8221; module_id=&#8221;toptext&#8221; _builder_version=&#8221;4.4.8&#8243; header_level=&#8221;h1&#8243; header_text_color=&#8221;#ffffff&#8221; header_font_size=&#8221;52&#8243; header_line_height=&#8221;1.4em&#8221; body_text_color=&#8221;#ffffff&#8221; body_font_size=&#8221;50&#8243; body_line_height=&#8221;1.5em&#8221; use_background_color=&#8221;off&#8221; [&hellip;]<\/p>\n","protected":false},"author":1,"featured_media":0,"parent":0,"menu_order":0,"comment_status":"closed","ping_status":"closed","template":"","meta":{"_et_pb_use_builder":"on","_et_pb_old_content":"","_et_gb_content_width":"","footnotes":""},"_links":{"self":[{"href":"https:\/\/pedrosodeoliveira.adv.br\/index.php?rest_route=\/wp\/v2\/pages\/29050"}],"collection":[{"href":"https:\/\/pedrosodeoliveira.adv.br\/index.php?rest_route=\/wp\/v2\/pages"}],"about":[{"href":"https:\/\/pedrosodeoliveira.adv.br\/index.php?rest_route=\/wp\/v2\/types\/page"}],"author":[{"embeddable":true,"href":"https:\/\/pedrosodeoliveira.adv.br\/index.php?rest_route=\/wp\/v2\/users\/1"}],"replies":[{"embeddable":true,"href":"https:\/\/pedrosodeoliveira.adv.br\/index.php?rest_route=%2Fwp%2Fv2%2Fcomments&post=29050"}],"version-history":[{"count":13,"href":"https:\/\/pedrosodeoliveira.adv.br\/index.php?rest_route=\/wp\/v2\/pages\/29050\/revisions"}],"predecessor-version":[{"id":29362,"href":"https:\/\/pedrosodeoliveira.adv.br\/index.php?rest_route=\/wp\/v2\/pages\/29050\/revisions\/29362"}],"wp:attachment":[{"href":"https:\/\/pedrosodeoliveira.adv.br\/index.php?rest_route=%2Fwp%2Fv2%2Fmedia&parent=29050"}],"curies":[{"name":"wp","href":"https:\/\/api.w.org\/{rel}","templated":true}]}}