{"id":29059,"date":"2020-07-02T18:22:26","date_gmt":"2020-07-02T21:22:26","guid":{"rendered":"http:\/\/pedrosodeoliveira.adv.br\/homolog\/?page_id=29059"},"modified":"2024-05-14T11:29:04","modified_gmt":"2024-05-14T14:29:04","slug":"areas-de-atuacao","status":"publish","type":"page","link":"https:\/\/pedrosodeoliveira.adv.br\/?page_id=29059","title":{"rendered":"\u00c1reas de atua\u00e7\u00e3o"},"content":{"rendered":"<p>[et_pb_section fb_built=&#8221;1&#8243; custom_padding_last_edited=&#8221;on|desktop&#8221; admin_label=&#8221;Hero Section&#8221; module_id=&#8221;dotover&#8221; _builder_version=&#8221;4.4.8&#8243; background_image=&#8221;https:\/\/pedrosodeoliveira.adv.br\/wp-content\/uploads\/2020\/07\/header-internas-scaled.jpg&#8221; custom_padding_tablet=&#8221;50px|0|50px|0&#8243; custom_padding_phone=&#8221;&#8221; custom_css_after=&#8221;content: %22%22;||background: url(&#8216;https:\/\/www.infiniteimagination.com.au\/rhm\/wp-content\/uploads\/2016\/08\/mask.png&#8217;) repeat;||top: 0;||left: 0;||bottom: 0;||right: 0;||position: absolute;||z-index: 1;||&#8221; transparent_background=&#8221;off&#8221; padding_mobile=&#8221;off&#8221; make_fullwidth=&#8221;off&#8221; use_custom_width=&#8221;off&#8221; width_unit=&#8221;on&#8221; custom_width_px=&#8221;1080px&#8221; custom_width_percent=&#8221;80%&#8221; collapsed=&#8221;off&#8221;][et_pb_row padding_mobile=&#8221;off&#8221; column_padding_mobile=&#8221;on&#8221; admin_label=&#8221;Row&#8221; _builder_version=&#8221;3.25&#8243; background_size=&#8221;initial&#8221; background_position=&#8221;top_left&#8221; background_repeat=&#8221;repeat&#8221; custom_padding=&#8221;2%||2%|&#8221; make_fullwidth=&#8221;off&#8221; use_custom_width=&#8221;off&#8221; width_unit=&#8221;on&#8221; custom_width_px=&#8221;1080px&#8221; custom_width_percent=&#8221;80%&#8221;][et_pb_column type=&#8221;4_4&#8243; _builder_version=&#8221;3.25&#8243; custom_padding=&#8221;|||&#8221; custom_padding__hover=&#8221;|||&#8221;][et_pb_cta admin_label=&#8221;PRACTICE AREAS&#8221; module_id=&#8221;toptext&#8221; _builder_version=&#8221;4.4.8&#8243; header_level=&#8221;h1&#8243; header_text_color=&#8221;#ffffff&#8221; header_font_size=&#8221;52&#8243; header_line_height=&#8221;1.4em&#8221; body_text_color=&#8221;#ffffff&#8221; body_font_size=&#8221;50&#8243; body_line_height=&#8221;1.5em&#8221; use_background_color=&#8221;off&#8221; background_size=&#8221;initial&#8221; background_position=&#8221;top_left&#8221; background_repeat=&#8221;repeat&#8221; header_font_size_tablet=&#8221;50&#8243; header_font_size_phone=&#8221;30&#8243; header_font_size_last_edited=&#8221;on|desktop&#8221; body_font_size_tablet=&#8221;&#8221; body_font_size_phone=&#8221;30&#8243; body_font_size_last_edited=&#8221;on|phone&#8221; custom_css_main_element=&#8221;position: relative; z-index: 10;&#8221; custom_css_promo_title=&#8221;font-weight: 800;||&#8221; use_border_color=&#8221;off&#8221; border_color=&#8221;#ffffff&#8221; border_width=&#8221;1px&#8221; border_style=&#8221;solid&#8221; button_letter_spacing_hover=&#8221;0&#8243; inline_fonts=&#8221;Open Sans&#8221; button_text_size__hover_enabled=&#8221;off&#8221; button_one_text_size__hover_enabled=&#8221;off&#8221; button_two_text_size__hover_enabled=&#8221;off&#8221; button_text_color__hover_enabled=&#8221;off&#8221; button_one_text_color__hover_enabled=&#8221;off&#8221; button_two_text_color__hover_enabled=&#8221;off&#8221; button_border_width__hover_enabled=&#8221;off&#8221; button_one_border_width__hover_enabled=&#8221;off&#8221; button_two_border_width__hover_enabled=&#8221;off&#8221; button_border_color__hover_enabled=&#8221;off&#8221; button_one_border_color__hover_enabled=&#8221;off&#8221; button_two_border_color__hover_enabled=&#8221;off&#8221; button_border_radius__hover_enabled=&#8221;off&#8221; button_one_border_radius__hover_enabled=&#8221;off&#8221; button_two_border_radius__hover_enabled=&#8221;off&#8221; button_letter_spacing__hover_enabled=&#8221;on&#8221; button_letter_spacing__hover=&#8221;0&#8243; button_one_letter_spacing__hover_enabled=&#8221;off&#8221; button_two_letter_spacing__hover_enabled=&#8221;off&#8221; button_bg_color__hover_enabled=&#8221;off&#8221; button_one_bg_color__hover_enabled=&#8221;off&#8221; button_two_bg_color__hover_enabled=&#8221;off&#8221;]<\/p>\n<p><span style=\"font-family: 'Open Sans';\">\u00c1reas de atua\u00e7\u00e3o<\/span><\/p>\n<p>[\/et_pb_cta][\/et_pb_column][\/et_pb_row][\/et_pb_section][et_pb_section fb_built=&#8221;1&#8243; custom_padding_last_edited=&#8221;on|desktop&#8221; admin_label=&#8221;#22 Team&#8221; _builder_version=&#8221;3.22&#8243; custom_padding=&#8221;5px||18px|||&#8221; custom_padding_tablet=&#8221;50px|0|50px|0&#8243; custom_padding_phone=&#8221;&#8221; transparent_background=&#8221;off&#8221; padding_mobile=&#8221;off&#8221; make_fullwidth=&#8221;off&#8221; use_custom_width=&#8221;off&#8221; width_unit=&#8221;on&#8221; custom_width_px=&#8221;1080px&#8221; custom_width_percent=&#8221;80%&#8221; collapsed=&#8221;off&#8221;][et_pb_row column_structure=&#8221;1_3,1_3,1_3&#8243; column_padding_mobile=&#8221;on&#8221; admin_label=&#8221;row&#8221; _builder_version=&#8221;4.4.8&#8243; background_size=&#8221;initial&#8221; background_position=&#8221;top_left&#8221; background_repeat=&#8221;repeat&#8221; width=&#8221;100%&#8221; max_width=&#8221;100%&#8221; min_height=&#8221;838px&#8221; custom_margin=&#8221;4px|auto||auto||&#8221; custom_padding=&#8221;30px|55px||55px|false|true&#8221; make_fullwidth=&#8221;on&#8221; use_custom_width=&#8221;on&#8221; width_unit=&#8221;off&#8221; custom_width_px=&#8221;1080px&#8221; custom_width_percent=&#8221;100%&#8221;][et_pb_column type=&#8221;1_3&#8243; _builder_version=&#8221;3.25&#8243; custom_padding=&#8221;|||&#8221; custom_padding__hover=&#8221;|||&#8221;][et_pb_blurb title=&#8221;Previdenci\u00e1ria&#8221; use_icon=&#8221;on&#8221; font_icon=&#8221;%%156%%&#8221; icon_color=&#8221;#222222&#8243; icon_placement=&#8221;left&#8221; use_icon_font_size=&#8221;on&#8221; admin_label=&#8221;Practice 1&#8243; _builder_version=&#8221;4.4.8&#8243; header_text_color=&#8221;#222222&#8243; header_font_size=&#8221;30&#8243; body_font_size=&#8221;16&#8243; body_line_height=&#8221;1em&#8221; background_size=&#8221;initial&#8221; background_position=&#8221;top_left&#8221; background_repeat=&#8221;repeat&#8221; custom_margin=&#8221;-3px||-3px||true|&#8221; custom_padding=&#8221;|||0px||&#8221; use_border_color=&#8221;off&#8221; border_color=&#8221;#ffffff&#8221; border_width=&#8221;1px&#8221; border_style=&#8221;solid&#8221;]<\/p>\n<p>Aposentadorias (RGPS e RPPS)<\/p>\n<p>Benef\u00edcios e Aux\u00edlios<\/p>\n<p>Planejamento de aposentadoria e outros benef\u00edcios<\/p>\n<p>Revis\u00e3o de benef\u00edcios j\u00e1 concedidos<\/p>\n<p>Representa\u00e7\u00e3o do segurando em n\u00edvel administrativo de judicial<\/p>\n<p>[\/et_pb_blurb][et_pb_blurb title=&#8221;Empresarial&#8221; use_icon=&#8221;on&#8221; font_icon=&#8221;%%305%%&#8221; icon_color=&#8221;#222222&#8243; icon_placement=&#8221;left&#8221; use_icon_font_size=&#8221;on&#8221; admin_label=&#8221;Practice 3&#8243; _builder_version=&#8221;4.4.8&#8243; header_text_color=&#8221;#222222&#8243; header_font_size=&#8221;30&#8243; body_font_size=&#8221;16&#8243; body_line_height=&#8221;1em&#8221; background_size=&#8221;initial&#8221; background_position=&#8221;top_left&#8221; background_repeat=&#8221;repeat&#8221; custom_margin=&#8221;-1px|||||&#8221; use_border_color=&#8221;off&#8221; border_color=&#8221;#ffffff&#8221; border_width=&#8221;1px&#8221; border_style=&#8221;solid&#8221; min_height=&#8221;229px&#8221; custom_padding=&#8221;60px|||||&#8221;]<\/p>\n<p>Consultoria e assessoria preventiva<\/p>\n<p>Danos morais e materiais<\/p>\n<p>Planejamento e reorganiza\u00e7\u00e3o societ\u00e1rios, considerando transforma\u00e7\u00e3o, fus\u00e3o, incorpora\u00e7\u00e3o e cis\u00e3o.<\/p>\n<p>An\u00e1lise e elabora\u00e7\u00e3o de contratos, estatutos sociais, atas, acordos de acionistas, etc.<\/p>\n<p>Contencioso administrativo e judicial<\/p>\n<p>Assessoramento em recupera\u00e7\u00e3o extrajudicial, recupera\u00e7\u00e3o judicial e fal\u00eancia<\/p>\n<p>[\/et_pb_blurb][et_pb_blurb title=&#8221;Trabalhista&#8221; use_icon=&#8221;on&#8221; font_icon=&#8221;%%149%%&#8221; icon_color=&#8221;#222222&#8243; icon_placement=&#8221;left&#8221; use_icon_font_size=&#8221;on&#8221; admin_label=&#8221;Practice 4&#8243; _builder_version=&#8221;4.4.8&#8243; header_text_color=&#8221;#222222&#8243; header_font_size=&#8221;30&#8243; body_font_size=&#8221;16&#8243; body_line_height=&#8221;1em&#8221; background_size=&#8221;initial&#8221; background_position=&#8221;top_left&#8221; background_repeat=&#8221;repeat&#8221; custom_padding=&#8221;1px|||||&#8221; use_border_color=&#8221;off&#8221; border_color=&#8221;#ffffff&#8221; border_width=&#8221;1px&#8221; border_style=&#8221;solid&#8221;]<\/p>\n<p>Consultoria e assessoria preventiva<\/p>\n<p>Contencioso administrativo e judicial<\/p>\n<p>Contrata\u00e7\u00e3o e transfer\u00eancia de empregados estrangeiros (vistos Tempor\u00e1rio e Permanente)<\/p>\n<p>[\/et_pb_blurb][\/et_pb_column][et_pb_column type=&#8221;1_3&#8243; _builder_version=&#8221;4.4.8&#8243;][et_pb_blurb title=&#8221;Tribut\u00e1ria&#8221; use_icon=&#8221;on&#8221; font_icon=&#8221;%%72%%&#8221; icon_color=&#8221;#222222&#8243; icon_placement=&#8221;left&#8221; use_icon_font_size=&#8221;on&#8221; admin_label=&#8221;Practice 2&#8243; _builder_version=&#8221;4.4.8&#8243; header_text_color=&#8221;#222222&#8243; header_font_size=&#8221;30&#8243; body_font_size=&#8221;16&#8243; body_line_height=&#8221;1em&#8221; background_size=&#8221;initial&#8221; background_position=&#8221;top_left&#8221; background_repeat=&#8221;repeat&#8221; custom_margin=&#8221;||40px|||&#8221; custom_padding=&#8221;|0px||0px||true&#8221; use_border_color=&#8221;off&#8221; border_color=&#8221;#ffffff&#8221; border_width=&#8221;1px&#8221; border_style=&#8221;solid&#8221;]<\/p>\n<p>Consultoria e assessoria preventiva<\/p>\n<p>Auditoria de tributos<\/p>\n<p>Planejamento tribut\u00e1rio<\/p>\n<p>Recupera\u00e7\u00e3o de Tributos<\/p>\n<p>Regimes Especiais<\/p>\n<p>Interposi\u00e7\u00e3o e defesa administrativa e judicialmente<\/p>\n<p>[\/et_pb_blurb][et_pb_blurb title=&#8221;Fam\u00edlia&#8221; use_icon=&#8221;on&#8221; font_icon=&#8221;%%102%%&#8221; icon_color=&#8221;#222222&#8243; icon_placement=&#8221;left&#8221; use_icon_font_size=&#8221;on&#8221; admin_label=&#8221;Practice 5&#8243; _builder_version=&#8221;4.4.8&#8243; header_text_color=&#8221;#222222&#8243; header_font_size=&#8221;30&#8243; body_font_size=&#8221;16&#8243; body_line_height=&#8221;1em&#8221; background_size=&#8221;initial&#8221; background_position=&#8221;top_left&#8221; background_repeat=&#8221;repeat&#8221; custom_margin=&#8221;||40px|||&#8221; use_border_color=&#8221;off&#8221; border_color=&#8221;#ffffff&#8221; border_width=&#8221;1px&#8221; border_style=&#8221;solid&#8221;]<\/p>\n<p>Consultoria e assessoria preventiva<\/p>\n<p>Prote\u00e7\u00e3o patrimonial<\/p>\n<p>Separa\u00e7\u00e3o, div\u00f3rcio, partilha, pens\u00e3o aliment\u00edcia, guarda<\/p>\n<p>Direito das sucess\u00f5es<\/p>\n<p>Invent\u00e1rios<\/p>\n<p>Arrolamentos<\/p>\n<p>[\/et_pb_blurb][\/et_pb_column][et_pb_column type=&#8221;1_3&#8243; _builder_version=&#8221;3.25&#8243; custom_padding=&#8221;|||&#8221; custom_padding__hover=&#8221;|||&#8221;][\/et_pb_column][\/et_pb_row][\/et_pb_section]<\/p>\n","protected":false},"excerpt":{"rendered":"<p>[et_pb_section fb_built=&#8221;1&#8243; custom_padding_last_edited=&#8221;on|desktop&#8221; admin_label=&#8221;Hero Section&#8221; module_id=&#8221;dotover&#8221; _builder_version=&#8221;4.4.8&#8243; background_image=&#8221;https:\/\/pedrosodeoliveira.adv.br\/wp-content\/uploads\/2020\/07\/header-internas-scaled.jpg&#8221; custom_padding_tablet=&#8221;50px|0|50px|0&#8243; custom_padding_phone=&#8221;&#8221; custom_css_after=&#8221;content: %22%22;||background: url(&#8216;https:\/\/www.infiniteimagination.com.au\/rhm\/wp-content\/uploads\/2016\/08\/mask.png&#8217;) repeat;||top: 0;||left: 0;||bottom: 0;||right: 0;||position: absolute;||z-index: 1;||&#8221; transparent_background=&#8221;off&#8221; padding_mobile=&#8221;off&#8221; make_fullwidth=&#8221;off&#8221; use_custom_width=&#8221;off&#8221; width_unit=&#8221;on&#8221; custom_width_px=&#8221;1080px&#8221; custom_width_percent=&#8221;80%&#8221; collapsed=&#8221;off&#8221;][et_pb_row padding_mobile=&#8221;off&#8221; column_padding_mobile=&#8221;on&#8221; admin_label=&#8221;Row&#8221; _builder_version=&#8221;3.25&#8243; background_size=&#8221;initial&#8221; background_position=&#8221;top_left&#8221; background_repeat=&#8221;repeat&#8221; custom_padding=&#8221;2%||2%|&#8221; make_fullwidth=&#8221;off&#8221; use_custom_width=&#8221;off&#8221; width_unit=&#8221;on&#8221; custom_width_px=&#8221;1080px&#8221; custom_width_percent=&#8221;80%&#8221;][et_pb_column type=&#8221;4_4&#8243; _builder_version=&#8221;3.25&#8243; custom_padding=&#8221;|||&#8221; custom_padding__hover=&#8221;|||&#8221;][et_pb_cta admin_label=&#8221;PRACTICE AREAS&#8221; module_id=&#8221;toptext&#8221; _builder_version=&#8221;4.4.8&#8243; header_level=&#8221;h1&#8243; header_text_color=&#8221;#ffffff&#8221; header_font_size=&#8221;52&#8243; header_line_height=&#8221;1.4em&#8221; body_text_color=&#8221;#ffffff&#8221; body_font_size=&#8221;50&#8243; [&hellip;]<\/p>\n","protected":false},"author":1,"featured_media":0,"parent":0,"menu_order":0,"comment_status":"closed","ping_status":"closed","template":"","meta":{"_et_pb_use_builder":"on","_et_pb_old_content":"","_et_gb_content_width":"","footnotes":""},"_links":{"self":[{"href":"https:\/\/pedrosodeoliveira.adv.br\/index.php?rest_route=\/wp\/v2\/pages\/29059"}],"collection":[{"href":"https:\/\/pedrosodeoliveira.adv.br\/index.php?rest_route=\/wp\/v2\/pages"}],"about":[{"href":"https:\/\/pedrosodeoliveira.adv.br\/index.php?rest_route=\/wp\/v2\/types\/page"}],"author":[{"embeddable":true,"href":"https:\/\/pedrosodeoliveira.adv.br\/index.php?rest_route=\/wp\/v2\/users\/1"}],"replies":[{"embeddable":true,"href":"https:\/\/pedrosodeoliveira.adv.br\/index.php?rest_route=%2Fwp%2Fv2%2Fcomments&post=29059"}],"version-history":[{"count":13,"href":"https:\/\/pedrosodeoliveira.adv.br\/index.php?rest_route=\/wp\/v2\/pages\/29059\/revisions"}],"predecessor-version":[{"id":29346,"href":"https:\/\/pedrosodeoliveira.adv.br\/index.php?rest_route=\/wp\/v2\/pages\/29059\/revisions\/29346"}],"wp:attachment":[{"href":"https:\/\/pedrosodeoliveira.adv.br\/index.php?rest_route=%2Fwp%2Fv2%2Fmedia&parent=29059"}],"curies":[{"name":"wp","href":"https:\/\/api.w.org\/{rel}","templated":true}]}}